{"id":9,"date":"2011-01-18T14:42:26","date_gmt":"2011-01-18T12:42:26","guid":{"rendered":"https:\/\/www.marietta-aparthotel.gr\/"},"modified":"2011-08-15T15:45:23","modified_gmt":"2011-08-15T12:45:23","slug":"restaurant","status":"publish","type":"page","link":"https:\/\/www.marietta-aparthotel.gr\/de\/restaurant\/","title":{"rendered":"Restaurant"},"content":{"rendered":"<p>Ein wichtiger Teil von Marietta Hotel Apartments ist die hauseigene restaurant und Bar im griechischen Stil. Gastfreundschaft und die Gelegenheit, abends Zeit miteinander zu verbringen, sind entscheidende Bestandteile des griechischen Lebens in Rhodos, viele G\u00e4ste gehen abends nur in die Bar. Dort gibt es die M\u00f6glichkeit, schmackhafte selbst gekochte Speisen an der frischen, warmen Luft zu genie\u00dfen, direkt neben der pool.<\/p>\n<p>Besucher haben die Auswahl aus:<\/p>\n<ul>\n<li><strong>Hausgemachten griechischen Spezialit\u00e4ten, <\/strong>lecker f\u00fcr alle, die was \u201eetwas Anderes\u201c suchen.<\/li>\n<li>Dem <strong>t\u00e4glichen Grillen<\/strong>, mit frischem Seefisch oder saftigen Steaks, Koteletts oder Kebabs.<\/li>\n<li>Der <strong>internationalen Speisekarte<\/strong> mit vielen bekannten Favoriten.<\/li>\n<li>Dem Kindermen\u00fc mit der g\u00e4nigen Auswahl, die die Kleinen lieben.<\/li>\n<li>Dem <strong>S\u00fc\u00dfen Men\u00fc<\/strong>, darunter fantastischen griechischen S\u00fc\u00dfspeisen und Eiscreme.<\/li>\n<\/ul>\n<p>Es gibt eine breite Auswahl an <strong>Fr\u00fchst\u00fccken<\/strong>, darunter Obst oder Zerealien, kontinental bis hin zu einem traditionellen gekochten englischen Fr\u00fchst\u00fcck.<\/p>\n<p>F\u00fcr alle, die gern mittags essen, gibt es eine umfassende Palette an <strong>Snacks<\/strong>, Salaten und anderen Mahlzeiten.<\/p>\n<p>Viele G\u00e4ste m\u00f6chten flexibel sein und buchen <strong>Nur Unterkunft<\/strong> und das Essen separat, aber f\u00fcr alle, die voraus planen, werden f\u00fcr <strong>Zimmer inklusive Fr\u00fchst\u00fcck<\/strong> oder <strong>Halbpension<\/strong> Sonderpreise angeboten.<\/p>","protected":false},"excerpt":{"rendered":"<p>Ein wichtiger Teil von Marietta Hotel Apartments ist die hauseigene restaurant und Bar im griechischen Stil. Gastfreundschaft und die Gelegenheit, abends Zeit miteinander zu verbringen, sind entscheidende Bestandteile des griechischen Lebens in Rhodos, viele G\u00e4ste gehen abends nur in die Bar. Dort gibt es die M\u00f6glichkeit, schmackhafte selbst gekochte Speisen an der frischen, warmen Luft [&hellip;]<\/p>\n","protected":false},"author":1,"featured_media":0,"parent":0,"menu_order":5,"comment_status":"open","ping_status":"open","template":"","meta":{"ngg_post_thumbnail":0},"_links":{"self":[{"href":"https:\/\/www.marietta-aparthotel.gr\/de\/wp-json\/wp\/v2\/pages\/9"}],"collection":[{"href":"https:\/\/www.marietta-aparthotel.gr\/de\/wp-json\/wp\/v2\/pages"}],"about":[{"href":"https:\/\/www.marietta-aparthotel.gr\/de\/wp-json\/wp\/v2\/types\/page"}],"author":[{"embeddable":true,"href":"https:\/\/www.marietta-aparthotel.gr\/de\/wp-json\/wp\/v2\/users\/1"}],"replies":[{"embeddable":true,"href":"https:\/\/www.marietta-aparthotel.gr\/de\/wp-json\/wp\/v2\/comments?post=9"}],"version-history":[{"count":0,"href":"https:\/\/www.marietta-aparthotel.gr\/de\/wp-json\/wp\/v2\/pages\/9\/revisions"}],"wp:attachment":[{"href":"https:\/\/www.marietta-aparthotel.gr\/de\/wp-json\/wp\/v2\/media?parent=9"}],"curies":[{"name":"wp","href":"https:\/\/api.w.org\/{rel}","templated":true}]}}