{"id":8,"date":"2011-01-18T14:41:26","date_gmt":"2011-01-18T12:41:26","guid":{"rendered":"https:\/\/www.marietta-aparthotel.gr\/"},"modified":"2011-02-21T14:00:40","modified_gmt":"2011-02-21T12:00:40","slug":"rhodes","status":"publish","type":"page","link":"https:\/\/www.marietta-aparthotel.gr\/de\/rhodes\/","title":{"rendered":"Rhodos"},"content":{"rendered":"<p><strong>Die Insel Rhodos <\/strong>in <strong>Griechenland<\/strong> ist mit einem idealen Klima gesegnet, sie bietet Urlaubern eine einzigartige Mischung aus Geschichte und M\u00f6glichkeiten, sich total zu entspannen oder moderne Touristeneinrichtungen zu genie\u00dfen. Rhodos hat wirklich f\u00fcr jeden etwas zu bieten!<\/p>\n<p>Der Koloss von Rhodos, eines der sieben Weltwunder, steht nicht mehr im Hafen der Stadt Rhodos, aber man kann von hier aus mit dem Boot um die Insel oder weiter hinaus fahren. Oder Sie k\u00f6nnen in die Stadt gehen und die an einen Bazar erinnernden Einkaufsstra\u00dfen erkunden oder die Antiquit\u00e4ten der Kreuzritter besichtigen.<\/p>\n<p>Wenn Ihnen mehr danach ist, Helios, dem antiken Sonnengott zu huldigen, bietet die Insel einige der sch\u00f6nsten Str\u00e4nde Europas. Es gibt zudem vielf\u00e4ltige M\u00f6glichkeiten, die wundersch\u00f6ne Landschaft oder historische St\u00e4tten zu entdecken.<\/p>\n<p>Das D\u00f6rfchen Pastida, das g\u00fcnstig in der N\u00e4he der Innenstadt von Rhodos und sowohl den \u00e4g\u00e4ischen als auch den mediterranen Str\u00e4nden gelegen ist, ist die Heimat der Familie Michalakis, die die Marietta Hotel Apartments besitzt und leitet. Trotz der ruhigen Lage gibt es im Dorf Superm\u00e4rkte, Tavernen und Bars, sowie viele moderne Einrichtungen.<\/p>","protected":false},"excerpt":{"rendered":"<p>Die Insel Rhodos in Griechenland ist mit einem idealen Klima gesegnet, sie bietet Urlaubern eine einzigartige Mischung aus Geschichte und M\u00f6glichkeiten, sich total zu entspannen oder moderne Touristeneinrichtungen zu genie\u00dfen. Rhodos hat wirklich f\u00fcr jeden etwas zu bieten! Der Koloss von Rhodos, eines der sieben Weltwunder, steht nicht mehr im Hafen der Stadt Rhodos, aber [&hellip;]<\/p>\n","protected":false},"author":1,"featured_media":0,"parent":0,"menu_order":4,"comment_status":"open","ping_status":"open","template":"","meta":{"ngg_post_thumbnail":0},"_links":{"self":[{"href":"https:\/\/www.marietta-aparthotel.gr\/de\/wp-json\/wp\/v2\/pages\/8"}],"collection":[{"href":"https:\/\/www.marietta-aparthotel.gr\/de\/wp-json\/wp\/v2\/pages"}],"about":[{"href":"https:\/\/www.marietta-aparthotel.gr\/de\/wp-json\/wp\/v2\/types\/page"}],"author":[{"embeddable":true,"href":"https:\/\/www.marietta-aparthotel.gr\/de\/wp-json\/wp\/v2\/users\/1"}],"replies":[{"embeddable":true,"href":"https:\/\/www.marietta-aparthotel.gr\/de\/wp-json\/wp\/v2\/comments?post=8"}],"version-history":[{"count":0,"href":"https:\/\/www.marietta-aparthotel.gr\/de\/wp-json\/wp\/v2\/pages\/8\/revisions"}],"wp:attachment":[{"href":"https:\/\/www.marietta-aparthotel.gr\/de\/wp-json\/wp\/v2\/media?parent=8"}],"curies":[{"name":"wp","href":"https:\/\/api.w.org\/{rel}","templated":true}]}}