{"id":7,"date":"2011-01-18T14:40:41","date_gmt":"2011-01-18T12:40:41","guid":{"rendered":"https:\/\/www.marietta-aparthotel.gr\/"},"modified":"2025-11-03T07:28:30","modified_gmt":"2025-11-03T05:28:30","slug":"rates","status":"publish","type":"page","link":"https:\/\/www.marietta-aparthotel.gr\/de\/rates\/","title":{"rendered":"Preise"},"content":{"rendered":"<p>\n<table id=\"wp-table-reloaded-id-3-no-1\" class=\"wp-table-reloaded wp-table-reloaded-id-3\">\n<thead>\n\t<tr class=\"row-1 odd\">\n\t\t<th class=\"column-1\"><\/th><th class=\"column-2\">Nebensaison<br \/>\r\n12\/05\/25 - 09\/06\/25<br \/>\r\n23\/09\/25 - 12\/10\/25<\/th><th class=\"column-3\">Mittelsaison<br \/>\r\n10\/06\/25 - 01\/07\/25<br \/>\r\n27\/08\/25 - 20\/09\/25<\/th><th class=\"column-4\">Hochsaison<br \/>\r\n02\/07\/25 - 26\/08\/25<\/th>\n\t<\/tr>\n<\/thead>\n<tbody>\n\t<tr class=\"row-2 even\">\n\t\t<td class=\"column-1\">Double Studio <\/td><td class=\"column-2\">35\u20ac<\/td><td class=\"column-3\">45\u20ac<\/td><td class=\"column-4\">55\u20ac<\/td>\n\t<\/tr>\n\t<tr class=\"row-3 odd\">\n\t\t<td class=\"column-1\">Triple Studio<\/td><td class=\"column-2\">40\u20ac<\/td><td class=\"column-3\">50\u20ac<\/td><td class=\"column-4\">60\u20ac<\/td>\n\t<\/tr>\n\t<tr class=\"row-4 even\">\n\t\t<td class=\"column-1\">Apartment 2-4 personen<\/td><td class=\"column-2\">50\u20ac<\/td><td class=\"column-3\">60\u20ac<\/td><td class=\"column-4\">70\u20ac<\/td>\n\t<\/tr>\n\t<tr class=\"row-5 odd\">\n\t\t<td class=\"column-1\">Apartment 2-5 personen<\/td><td class=\"column-2\">55\u20ac<\/td><td class=\"column-3\">65\u20ac<\/td><td class=\"column-4\">75\u20ac<\/td>\n\t<\/tr>\n<\/tbody>\n<\/table>\n<\/p>\n<h2>Extras &amp; Optionen<\/h2>\n<ul>\n<li>Der Standard-Tarif basiert auf dem <strong>Preis f\u00fcr nur Zimmer. <\/strong><\/li>\n<li>Wenn Sie unsere besonderen Bedingungen f\u00fcr ein <strong>Zimmer inklusive Fr\u00fchst\u00fcck<\/strong> (Details siehe unten) bevorzugen, f\u00fcgen Sie bitte f\u00fcr jedes Mitglied Ihrer Familie oder Reisegruppe dem Zimmerpreis folgende w\u00f6chentliche Geb\u00fchr hinzu: Extra Zimmer mit Fr\u00fchst\u00fcck 10,00\u20ac f\u00fcr Erwachsene &amp; 9,00 f\u00fcr Kinder(1-12 Jahre).<\/li>\n<li>Wenn unsere Bedingungen f\u00fcr Halbpension bevorzugen (Details siehe unten), f\u00fcgen Sie bitte f\u00fcr jedes Mitglied Ihrer Familie oder Reisegruppe dem Zimmerpreis folgende w\u00f6chentliche Geb\u00fchr hinzu: 25,00\u20ac f\u00fcr Erwachsene &amp; 22,00 f\u00fcr Kinder(1-12 Jahre).<\/li>\n<li>Auto- oder Fahrradverleih, Exkursionen usw. sind verf\u00fcgbar. Am besten buchen Sie diese bei Ihrer Ankunft. Bei Bedarf sind auch Sparpreise erh\u00e4ltlich.<\/li>\n<\/ul>\n<p><strong>Bitte beachten Sie<\/strong><\/p>\n<ul>\n<li><span style=\"text-decoration: underline;\">Ferienwohnungen<\/span> sind in der Regel gr\u00f6\u00dfer als <span style=\"text-decoration: underline;\">Ferienzimmer<\/span> und haben getrennte Schlafzimmer.<\/li>\n<\/ul>\n<p><strong>Zum Zimmer<\/strong> <strong>inklusive Fr\u00fchst\u00fcck<\/strong> geh\u00f6ren ein Gro\u00dfes Fr\u00fchst\u00fcck; wahlweise kontinental oder englisch, mit der vollen Auswahl aus unserem Fr\u00fchst\u00fccksmen\u00fc, darunter Eier, Schinken, W\u00fcrstchen, Bohnen usw... Es wird mit Orangensaft, Toast und Tee oder Kaffee serviert.<\/p>\n<p><strong>Zur Halbpension<\/strong> geh\u00f6ren ein besonders Abendmen\u00fc, das aus einer Vorspeise oder S\u00fc\u00dfigkeit und einem Hauptgang besteht, die alle unserer internationalen Speisekarte entstammen. Die Speisen des Hauptmen\u00fcs umfassen eine breite Palette an Grillprodukten, frischen Salaten oder einer unserer traditionellen griechischen Spezialit\u00e4ten.<\/p>\n<p><strong>Men\u00fcs f\u00fcr Erwachsene und Kinder <\/strong>bestehen aus gro\u00dfz\u00fcgigen Portionen; f\u00fcr Kinder gibt es ein besonderes Kindermen\u00fc.<\/p>\n<h2>Richtlinie<\/h2>\n<p><strong>Anreise: <\/strong>ab 13:00 Uhr<\/p>\n<p><strong>Abreise: <\/strong>bis 12:00 Uhr<\/p>\n<h2>Buchung<\/h2>\n<ul>\n<li>Sie k\u00f6nnen <a href=\"#\">direkt \u00fcber unsere Webseite<\/a> \u00fcber unseren sicheren Server buchen oder<\/li>\n<li>sich wenn Sie Fragen haben, direkt mit der Familie in Verbindung setzen oder unser <a href=\"..\/contact\/\">Kontaktformular<\/a> nutzen.<\/li>\n<li>Zur Best\u00e4tigung Ihrer Buchung ist eine Anzahlung von 25% des Gesamtpreises erforderlich.<\/li>\n<li>Die Differenz wird bei der Ankunft bei den Mariettas f\u00e4llig.<\/li>\n<li>Zahlungen\u00a0 f\u00fcr die Unterkunft und Anzahlungen k\u00f6nnen entweder in Bar, per Reisescheck oder Kreditkarte (Visa oder Mastercard) get\u00e4tigt werden.<\/li>\n<\/ul>\n<h2>Geb\u00fchren<\/h2>\n<ul>\n<li>Zur Best\u00e4tigung Ihrer Buchung ist eine Anzahlung von 25% des Gesamtpreises erforderlich.<\/li>\n<li>Die Differenz wird bei der Ankunft bei den Mariettas f\u00e4llig.<\/li>\n<li>Zahlungen f\u00fcr die Unterkunft und Anzahlungen k\u00f6nnen entweder in Bar, per Reisescheck oder Kreditkarte (Visa oder Mastercard) get\u00e4tigt werden.<\/li>\n<\/ul>\n<h2>Stornierungen<\/h2>\n<p>Falls Sie Ihre Reservierung(en) stornieren m\u00f6chten, werden Stornierungsgeb\u00fchren f\u00e4llig.<\/p>\n<ul>\n<li>Wenn Sie mindestens 21 Tage vor Ihrer Anreise stornieren, wird Ihnen keine Stornierungsgeb\u00fchr berechnet.<\/li>\n<li>Wenn Sie sp\u00e4ter stornieren oder etwas \u00e4ndern, werden Ihnen 25% der gesamten Reservierungskosten berechnet.<\/li>\n<li>Wenn Sie nicht stornieren oder nicht erscheinen, f\u00fchrt dies zu Stornierungsgeb\u00fchren in H\u00f6he von 100%.<\/li>\n<\/ul>\n<h2>Haustiere<\/h2>\n<ul>\n<li style=\"list-style-type: none;\">\n<ul>\n<li>Haustiere sind nicht erlaubt.<\/li>\n<\/ul>\n<\/li>\n<\/ul>\n<p>Wir freuen uns darauf, Sie willkommen zu hei\u00dfen!<\/p>","protected":false},"excerpt":{"rendered":"<p>Extras &amp; Optionen Der Standard-Tarif basiert auf dem Preis f\u00fcr nur Zimmer. Wenn Sie unsere besonderen Bedingungen f\u00fcr ein Zimmer inklusive Fr\u00fchst\u00fcck (Details siehe unten) bevorzugen, f\u00fcgen Sie bitte f\u00fcr jedes Mitglied Ihrer Familie oder Reisegruppe dem Zimmerpreis folgende w\u00f6chentliche Geb\u00fchr hinzu: Extra Zimmer mit Fr\u00fchst\u00fcck 10,00\u20ac f\u00fcr Erwachsene &amp; 9,00 f\u00fcr Kinder(1-12 Jahre). Wenn [&hellip;]<\/p>\n","protected":false},"author":1,"featured_media":0,"parent":0,"menu_order":3,"comment_status":"open","ping_status":"open","template":"","meta":{"ngg_post_thumbnail":0},"_links":{"self":[{"href":"https:\/\/www.marietta-aparthotel.gr\/de\/wp-json\/wp\/v2\/pages\/7"}],"collection":[{"href":"https:\/\/www.marietta-aparthotel.gr\/de\/wp-json\/wp\/v2\/pages"}],"about":[{"href":"https:\/\/www.marietta-aparthotel.gr\/de\/wp-json\/wp\/v2\/types\/page"}],"author":[{"embeddable":true,"href":"https:\/\/www.marietta-aparthotel.gr\/de\/wp-json\/wp\/v2\/users\/1"}],"replies":[{"embeddable":true,"href":"https:\/\/www.marietta-aparthotel.gr\/de\/wp-json\/wp\/v2\/comments?post=7"}],"version-history":[{"count":0,"href":"https:\/\/www.marietta-aparthotel.gr\/de\/wp-json\/wp\/v2\/pages\/7\/revisions"}],"wp:attachment":[{"href":"https:\/\/www.marietta-aparthotel.gr\/de\/wp-json\/wp\/v2\/media?parent=7"}],"curies":[{"name":"wp","href":"https:\/\/api.w.org\/{rel}","templated":true}]}}