{"id":5,"date":"2011-01-18T14:38:45","date_gmt":"2011-01-18T12:38:45","guid":{"rendered":"https:\/\/www.marietta-aparthotel.gr\/"},"modified":"2015-10-12T15:56:18","modified_gmt":"2015-10-12T12:56:18","slug":"hotel","status":"publish","type":"page","link":"https:\/\/www.marietta-aparthotel.gr\/de\/hotel\/","title":{"rendered":"Hotel"},"content":{"rendered":"<p>Zu <strong>Marietta Hotel Apartments<\/strong> geh\u00f6ren 40 moderne, individuell eingerichtete <strong>Ferienwohnungen<\/strong> und <strong>Ferienzimmer<\/strong>, die inmitten eines wundersch\u00f6nen Gartens in einer typisch griechischen Dorfumgebung errichtet wurden. Es stehen Ferienwohnungen f\u00fcr 2 \u2013 5 Menschen zur Verf\u00fcgung und diese sind m\u00f6bliert, sodass die G\u00e4ste sich hier wohl und \u201eganz wie zu Hause\u201c f\u00fchlen k\u00f6nnen.<\/p>\n<h2>Ausstattung der Ferienzimmer &amp; Ferienwohnungen<\/h2>\n<ul>\n<li>Separate(s) Dusche \/ Badezimmer<\/li>\n<li>K\u00fcchenbereich mit Herdplatten und K\u00fchlschrank<\/li>\n<li>Balkon mit Tisch und St\u00fchlen; mit Blick zum Pool oder Garten<\/li>\n<li>Durchwahltelefon<\/li>\n<li>Klimaanlage\n<li>Wandsafe\n<\/ul>\n<p>Marietta Hotel Apartments hat im Lobby-Bereich, der Hauptbar, dem Haupt-Restaurant und dem Bibliothek-Fernseh-Bereich f\u00fcr alle G\u00e4ste, die mit ihrem privaten Laptop oder PDA ins Internet gehen m\u00f6chten, High-Speed-Internet mit WLAN-Hotspots installiert (kostenlos).<\/p>\n<h2>Position<\/h2>\n<p>Marietta Hotel Apartments sind g\u00fcnstig gelegen:<\/p>\n<ul>\n<li>200 Meter vom Pastida Dorfzentrum<\/li>\n<li>7 km vom Flughafen Rhodos<\/li>\n<li>3km von Kremasti (Resort und Strand an der Westk\u00fcste)<\/li>\n<li>13 km von Rhodos-Stadt<\/li>\n<li>9 km von Faliraki (Urlaubsort, Strand und Nachtleben an der Ostk\u00fcste)<\/li>\n<\/ul>\n<h2>Pool<\/h2>\n<p>Um den sehr gro\u00dfen Pool herum sind die Ferienwohnungen erbaut. Es gibt viel Platz f\u00fcr alle, die gern schwimmen, einen sicheren Bereich f\u00fcr Kinder und einen Whirlpool, der die Schmerzen des Sonnenbadens vertreibt.<\/p>\n<p>Und wo wir gerade von Sonnenbaden reden... Es gibt viele freie Liegen sowohl in sonnigen als auch in schattigen Bereichen. Sie m\u00fcssen sich den ganzen Tag nicht vom Pool weg bewegen, besonders da die Bar, die den ganzen Tag \u00fcber ge\u00f6ffnet hat, direkt an den Poolbereich angrenzt.<\/p>\n<h2>Griechische Gastfreundschaft<\/h2>\n<p>Die Familie Michalakis hei\u00dft seit nahezu zwanzig Jahren Besucher in ihrem Zuhause willkommen \u2013 mit einer Mischung aus Charme und wahrer Gastfreundschaft, der Sie nur schwer widerstehen k\u00f6nnen.<\/p>\n<p>Viele G\u00e4ste machen Jahr f\u00fcr Jahr wieder in den Mariettas Urlaub, denn es gef\u00e4llt ihnen dort so gut, dass sie jedes Mal f\u00fcr die n\u00e4chste Saison buchen. Kommen auch Sie einmal her, dann werden Sie bestimmt auch eine der Familien werden, die diese Unterkunft zu ihrem \u201eGriechischen Zuhause fernab des Zuhauses\u201c gemacht haben.<\/p>","protected":false},"excerpt":{"rendered":"<p>Zu Marietta Hotel Apartments geh\u00f6ren 40 moderne, individuell eingerichtete Ferienwohnungen und Ferienzimmer, die inmitten eines wundersch\u00f6nen Gartens in einer typisch griechischen Dorfumgebung errichtet wurden. Es stehen Ferienwohnungen f\u00fcr 2 \u2013 5 Menschen zur Verf\u00fcgung und diese sind m\u00f6bliert, sodass die G\u00e4ste sich hier wohl und \u201eganz wie zu Hause\u201c f\u00fchlen k\u00f6nnen. Ausstattung der Ferienzimmer &amp; [&hellip;]<\/p>\n","protected":false},"author":1,"featured_media":0,"parent":0,"menu_order":1,"comment_status":"open","ping_status":"open","template":"","meta":{"ngg_post_thumbnail":0},"_links":{"self":[{"href":"https:\/\/www.marietta-aparthotel.gr\/de\/wp-json\/wp\/v2\/pages\/5"}],"collection":[{"href":"https:\/\/www.marietta-aparthotel.gr\/de\/wp-json\/wp\/v2\/pages"}],"about":[{"href":"https:\/\/www.marietta-aparthotel.gr\/de\/wp-json\/wp\/v2\/types\/page"}],"author":[{"embeddable":true,"href":"https:\/\/www.marietta-aparthotel.gr\/de\/wp-json\/wp\/v2\/users\/1"}],"replies":[{"embeddable":true,"href":"https:\/\/www.marietta-aparthotel.gr\/de\/wp-json\/wp\/v2\/comments?post=5"}],"version-history":[{"count":0,"href":"https:\/\/www.marietta-aparthotel.gr\/de\/wp-json\/wp\/v2\/pages\/5\/revisions"}],"wp:attachment":[{"href":"https:\/\/www.marietta-aparthotel.gr\/de\/wp-json\/wp\/v2\/media?parent=5"}],"curies":[{"name":"wp","href":"https:\/\/api.w.org\/{rel}","templated":true}]}}