{"id":2,"date":"2011-01-14T14:40:44","date_gmt":"2011-01-14T14:40:44","guid":{"rendered":"https:\/\/www.marietta-aparthotel.gr\/?page_id=2"},"modified":"2011-02-21T12:50:08","modified_gmt":"2011-02-21T10:50:08","slug":"home","status":"publish","type":"page","link":"https:\/\/www.marietta-aparthotel.gr\/de\/","title":{"rendered":"Startseite"},"content":{"rendered":"<p>Willkommen bei <strong>Marietta Hotel und Apartments<\/strong> in Pastida, auf der Insel <strong>Rhodos<\/strong> in Griechenland.<\/p>\n<p>Die griechischen Inseln sind noch immer eines der beliebtesten Urlaubsziele, weit genug entfernt, um etwas wirklich Besonderes zu sein, aber dennoch einfach zu erreichen. Viele Menschen halten Rhodos f\u00fcr die sch\u00f6nste dieser Inseln, g\u00e4nzlich zivilisiert mit einer unglaublichen Geschichte, aber dennoch ruhig und entspannend mit einem perfekten Klima.<\/p>\n<p>Eines der am besten geh\u00fcteten Geheimnisse der Insel ist <strong>Marietta Hotel Apartments<\/strong>, wo Sie von Ihren Gastgebern, der Familie Michalakis, willkommen gehei\u00dfen werden und sich wie zu Hause f\u00fchlen k\u00f6nnen. Sie empfangen bereits seit zwanzig Jahren Besucher. Bleiben Sie hier und Sie werden sich entspannen und wohl f\u00fchlen k\u00f6nnen, in dem Wissen, dass alles was Sie sich w\u00fcnschen, f\u00fcr Sie bereit steht, ohne gleich die Welt zu kosten.<\/p>","protected":false},"excerpt":{"rendered":"<p>Willkommen bei Marietta Hotel und Apartments in Pastida, auf der Insel Rhodos in Griechenland. Die griechischen Inseln sind noch immer eines der beliebtesten Urlaubsziele, weit genug entfernt, um etwas wirklich Besonderes zu sein, aber dennoch einfach zu erreichen. Viele Menschen halten Rhodos f\u00fcr die sch\u00f6nste dieser Inseln, g\u00e4nzlich zivilisiert mit einer unglaublichen Geschichte, aber dennoch [&hellip;]<\/p>\n","protected":false},"author":1,"featured_media":0,"parent":0,"menu_order":0,"comment_status":"open","ping_status":"open","template":"","meta":{"ngg_post_thumbnail":0},"_links":{"self":[{"href":"https:\/\/www.marietta-aparthotel.gr\/de\/wp-json\/wp\/v2\/pages\/2"}],"collection":[{"href":"https:\/\/www.marietta-aparthotel.gr\/de\/wp-json\/wp\/v2\/pages"}],"about":[{"href":"https:\/\/www.marietta-aparthotel.gr\/de\/wp-json\/wp\/v2\/types\/page"}],"author":[{"embeddable":true,"href":"https:\/\/www.marietta-aparthotel.gr\/de\/wp-json\/wp\/v2\/users\/1"}],"replies":[{"embeddable":true,"href":"https:\/\/www.marietta-aparthotel.gr\/de\/wp-json\/wp\/v2\/comments?post=2"}],"version-history":[{"count":0,"href":"https:\/\/www.marietta-aparthotel.gr\/de\/wp-json\/wp\/v2\/pages\/2\/revisions"}],"wp:attachment":[{"href":"https:\/\/www.marietta-aparthotel.gr\/de\/wp-json\/wp\/v2\/media?parent=2"}],"curies":[{"name":"wp","href":"https:\/\/api.w.org\/{rel}","templated":true}]}}