{"id":10,"date":"2011-01-18T14:43:47","date_gmt":"2011-01-18T12:43:47","guid":{"rendered":"https:\/\/www.marietta-aparthotel.gr\/"},"modified":"2011-08-15T16:02:36","modified_gmt":"2011-08-15T13:02:36","slug":"entertainment","status":"publish","type":"page","link":"https:\/\/www.marietta-aparthotel.gr\/de\/entertainment\/","title":{"rendered":"Unterhaltung"},"content":{"rendered":"<p>Das Nachtleben in den Mariettas spielt sich rund um die Bar ab. Hier k\u00f6nnen Sie unter Leute kommen und G\u00e4ste kennen lernen, um sich die Abende am Mittelmeer zu vertreiben. Familien k\u00f6nnen, wenn sie m\u00f6chten, bis in die fr\u00fchen Morgenstunden beisammen sitzen und Spa\u00df haben und sind dennoch in der N\u00e4he ihrer Ferienwohnungen.<\/p>\n<p>Es gibt eine ausgezeichnete Bierauswahl, lokale Weine, Spirituosen und internationale Soft Drinks sowie spektakul\u00e4re und dekorative Cocktails. Und das Beste? Die Bar ist nicht nur den ganzen Tag \u00fcber ge\u00f6ffnet, sondern die Preise sind viel niedriger als Sie es von zu Hause kennen.<\/p>\n<p>Au\u00dferdem ist die Bar gut ausgestattet, um die Bed\u00fcrfnisse von Besuchern jeden Alters zu erf\u00fcllen mit einem Breitbild-Fernseher oben an der Wand, einem Billardtisch und anderen Spieltischen.<\/p>\n<p>G\u00e4ste, die sich mehr Action w\u00fcnschen, als mit neuen Freunden in der geselligen Atmosph\u00e4re der Bar zu plaudern, empfehlen wir, die ber\u00fchmte Griechische Nacht der Mariettas zu buchen. Dies ist ein Muss f\u00fcr Jung und Alt gleicherma\u00dfen und eine tolle Gelegenheit, griechische T\u00e4nze auszuprobieren. Es finden zudem regelm\u00e4\u00dfig Karaoke- und Quizabend und andere Unterhaltung statt.<\/p>","protected":false},"excerpt":{"rendered":"<p>Das Nachtleben in den Mariettas spielt sich rund um die Bar ab. Hier k\u00f6nnen Sie unter Leute kommen und G\u00e4ste kennen lernen, um sich die Abende am Mittelmeer zu vertreiben. Familien k\u00f6nnen, wenn sie m\u00f6chten, bis in die fr\u00fchen Morgenstunden beisammen sitzen und Spa\u00df haben und sind dennoch in der N\u00e4he ihrer Ferienwohnungen. Es gibt [&hellip;]<\/p>\n","protected":false},"author":1,"featured_media":0,"parent":0,"menu_order":7,"comment_status":"open","ping_status":"open","template":"","meta":{"ngg_post_thumbnail":0},"_links":{"self":[{"href":"https:\/\/www.marietta-aparthotel.gr\/de\/wp-json\/wp\/v2\/pages\/10"}],"collection":[{"href":"https:\/\/www.marietta-aparthotel.gr\/de\/wp-json\/wp\/v2\/pages"}],"about":[{"href":"https:\/\/www.marietta-aparthotel.gr\/de\/wp-json\/wp\/v2\/types\/page"}],"author":[{"embeddable":true,"href":"https:\/\/www.marietta-aparthotel.gr\/de\/wp-json\/wp\/v2\/users\/1"}],"replies":[{"embeddable":true,"href":"https:\/\/www.marietta-aparthotel.gr\/de\/wp-json\/wp\/v2\/comments?post=10"}],"version-history":[{"count":0,"href":"https:\/\/www.marietta-aparthotel.gr\/de\/wp-json\/wp\/v2\/pages\/10\/revisions"}],"wp:attachment":[{"href":"https:\/\/www.marietta-aparthotel.gr\/de\/wp-json\/wp\/v2\/media?parent=10"}],"curies":[{"name":"wp","href":"https:\/\/api.w.org\/{rel}","templated":true}]}}